{"id":2,"date":"2015-08-20T10:38:06","date_gmt":"2015-08-20T08:38:06","guid":{"rendered":"http:\/\/meritdpf.pl\/?page_id=2"},"modified":"2015-10-28T10:19:52","modified_gmt":"2015-10-28T09:19:52","slug":"oferta","status":"publish","type":"page","link":"https:\/\/meritdpf.pl\/index.php\/oferta\/","title":{"rendered":"Nasza oferta"},"content":{"rendered":"<p>&nbsp;<\/p>\n<p>Szanowni Pa\u0144stwo,<\/p>\n<p>z przyjemno\u015bci\u0105 przedstawiamy ofert\u0119 us\u0142ug MERIT Doradztwo Prawno-Finansowe. Bazuj\u0105c na naszych do\u015bwiadczeniach i zdobytej wiedzy prowadzimy dzia\u0142alno\u015b\u0107 doradcz\u0105 w trzech blokach tematycznych: <strong>Finanse, Restrukturyzacja i Nieruchomo\u015bci<\/strong>. Zapraszamy do wsp\u00f3\u0142pracy je\u017celi tylko mo\u017cemy pom\u00f3c Pa\u0144stwu w przedstawionych tematach.<\/p>\n<h2 id=\"finanse\">Finanse<\/h2>\n<p>Us\u0142uga skierowana jest do podmiot\u00f3w potrzebuj\u0105cych wsparcia finansowego zar\u00f3wno w ramach dotychczas prowadzonej dzia\u0142alno\u015bci jak i nowych projektach. Potrafimy znale\u017a\u0107 najbardziej odpowiedni rodzaj finansowania dzia\u0142alno\u015bci przedsi\u0119biorstw, jak r\u00f3wnie\u017c zorganizowa\u0107 i wykona\u0107 proces wprowadzenia sp\u00f3\u0142ek na rynek regulowany z podwy\u017cszeniem kapita\u0142u i publiczn\u0105 emisj\u0105 akcji w\u0142\u0105cznie.<\/p>\n<p>W ramach us\u0142ugi oferujemy:<\/p>\n<ul>\n<li>opracowywanie biznes plan\u00f3w, analiz i prognoz finansowych,<\/li>\n<li>sporz\u0105dzanie wycen przedsi\u0119biorstw i projekt\u00f3w inwestycyjnych,<\/li>\n<li>opracowywanie wniosk\u00f3w kredytowych i leasingowych,<\/li>\n<li>pomoc w pozyskiwaniu finansowanie po\u017cyczkowego i kredytowego,<\/li>\n<li>udzia\u0142\/reprezentowanie w negocjacjach z bankami i innymi po\u017cyczkodawcami,<\/li>\n<li>pomoc w pozyskiwaniu kapita\u0142u udzia\u0142owego\/akcyjnego,<\/li>\n<li>przeprowadzanie zmiany formy prawnej przedsi\u0119biorstwa,<\/li>\n<li>przygotowanie i przeprowadzanie podwy\u017cszenia kapita\u0142u zak\u0142adowego,<\/li>\n<li>przygotowanie i przeprowadzanie emisji publicznej akcji oraz wprowadzenia akcji do notowa\u0144 na rynku regulowanym (Rynek Podstawowy GPW, Newconnect).<\/li>\n<\/ul>\n<h2 id=\"restrukturyzacja\">Restrukturyzacja<\/h2>\n<p>Oferta us\u0142ug restrukturyzacyjnych skierowana jest do firm znajduj\u0105cych si\u0119 w trudnej sytuacji finansowej oraz do firm, kt\u00f3re widz\u0105 potrzeb\u0119 szybkiej i skutecznej restrukturyzacji umo\u017cliwiaj\u0105cej dalsze prowadzenie dzia\u0142alno\u015bci gospodarczej. Naszym celem jest doprowadzenie do rozwi\u0105za\u0144 ugodowych skutkuj\u0105cych wyd\u0142u\u017ceniem okresu sp\u0142aty d\u0142ug\u00f3w, przy\u015bpieszeniem sp\u0142ywu nale\u017cno\u015bci lub zmiany struktury kapita\u0142owej poprzez pozyskanie inwestora. Mo\u017cemy pom\u00f3c r\u00f3wnie\u017c przy podziale przedsi\u0119biorstwa, zbyciu nierentownego czy uwolnieniu p\u0142ynnych \u015brodk\u00f3w finansowych z posiadanego maj\u0105tku. Do naszych us\u0142ug nale\u017c\u0105:<\/p>\n<ul>\n<li>analiza sytuacji prawno-finansowej Klienta,<\/li>\n<li>analiza zad\u0142u\u017cenia przedsi\u0119biorstwa i mo\u017cliwo\u015bci jego sp\u0142aty,<\/li>\n<li>weryfikacja i renegocjacja poziomu i warunk\u00f3w zabezpiecze\u0144 zaci\u0105gni\u0119tych zobowi\u0105za\u0144 bankowych,<\/li>\n<li>przygotowanie programu restrukturyzacji,<\/li>\n<li>wycena, analizy finansowe, programy optymalizacji kosztowej konieczne w realizowanym procesie restrukturyzacyjnym,<\/li>\n<li>negocjacje z wierzycielami i d\u0142u\u017cnikami firmy,<\/li>\n<li>negocjacje z US, ZUS, bankami, leasingodawcami,<\/li>\n<li>negocjacje z organami egzekucyjnymi,<\/li>\n<li>doradztwo w zakresie prawnej metody restrukturyzacji firmy Klienta,<\/li>\n<li>przygotowanie dokument\u00f3w niezb\u0119dnych do skutecznego prowadzenia mediacji, negocjacji lub zawarcia uk\u0142adu np. w ramach upad\u0142o\u015bci uk\u0142adowej,<\/li>\n<li>reprezentacja Klienta w negocjacjach, mediacjach oraz w post\u0119powaniu upad\u0142o\u015bciowym,<\/li>\n<li>ocena skuteczno\u015bci zawartych um\u00f3w i wynikaj\u0105cych z nich skutk\u00f3w w przypadku upad\u0142o\u015bci,<\/li>\n<li>ustalanie warunk\u00f3w restrukturyzacji zad\u0142u\u017cenia przed og\u0142oszeniem i po og\u0142oszeniu upad\u0142o\u015bci.<\/li>\n<\/ul>\n<p>&nbsp;<\/p>\n<h2 id=\"nieruchomosci\">Nieruchomo\u015bci<\/h2>\n<p>Nieruchomo\u015bci stanowi\u0105 zwykle najbardziej warto\u015bciowe aktywa firm czy sk\u0142adniki maj\u0105tku os\u00f3b fizycznych. Zarz\u0105dzanie nieruchomo\u015bciami, zw\u0142aszcza w chwilach dokonywania transakcji, jest wi\u0119c procesem o szczeg\u00f3lnej wadze finansowej. MERIT DPF pomaga klientom w:<\/p>\n<ul>\n<li>wyborze lokalizacji,<\/li>\n<li>weryfikacji stanu prawnego,<\/li>\n<li>przeprowadzeniu wszystkich koniecznych formalno\u015bci,<\/li>\n<li>optymalizacji rozwi\u0105za\u0144 w zakresie finansowania inwestycji gruntowej oraz projektach deweloperskich,<\/li>\n<li>wynaj\u0119ciu, sprzeda\u017cy i podzia\u0142ach nieruchomo\u015bci,<\/li>\n<li>przygotowaniu b\u0105d\u017a zaopiniowaniu umowy kupna\/sprzeda\u017cy, najmu, dzier\u017cawy, u\u017cytkowaniu oraz um\u00f3w zwi\u0105zanych z pracami budowlanymi,<\/li>\n<li>pozyskiwaniu finansowania,<\/li>\n<li>planowaniu i nadzorowaniu procesu budowlanego,<\/li>\n<li>doradztwie w procesie inwestycyjnym.<\/li>\n<\/ul>\n","protected":false},"excerpt":{"rendered":"<p>&nbsp; Szanowni Pa\u0144stwo, z przyjemno\u015bci\u0105 przedstawiamy ofert\u0119 us\u0142ug MERIT Doradztwo Prawno-Finansowe. Bazuj\u0105c na naszych do\u015bwiadczeniach i zdobytej wiedzy prowadzimy dzia\u0142alno\u015b\u0107 doradcz\u0105 w trzech blokach tematycznych: Finanse, Restrukturyzacja i Nieruchomo\u015bci. Zapraszamy do wsp\u00f3\u0142pracy je\u017celi tylko mo\u017cemy pom\u00f3c Pa\u0144stwu w przedstawionych tematach. Finanse Us\u0142uga skierowana jest do podmiot\u00f3w potrzebuj\u0105cych wsparcia finansowego zar\u00f3wno w ramach dotychczas prowadzonej dzia\u0142alno\u015bci <a href=\"https:\/\/meritdpf.pl\/index.php\/oferta\/\" rel=\"nofollow\"><span class=\"sr-only\">Read more about Nasza oferta<\/span>[&hellip;]<\/a><\/p>\n","protected":false},"author":2,"featured_media":0,"parent":0,"menu_order":0,"comment_status":"closed","ping_status":"closed","template":"template-fullwidth.php","meta":{"_acf_changed":false,"footnotes":""},"class_list":["post-2","page","type-page","status-publish","hentry"],"acf":[],"_links":{"self":[{"href":"https:\/\/meritdpf.pl\/index.php\/wp-json\/wp\/v2\/pages\/2","targetHints":{"allow":["GET"]}}],"collection":[{"href":"https:\/\/meritdpf.pl\/index.php\/wp-json\/wp\/v2\/pages"}],"about":[{"href":"https:\/\/meritdpf.pl\/index.php\/wp-json\/wp\/v2\/types\/page"}],"author":[{"embeddable":true,"href":"https:\/\/meritdpf.pl\/index.php\/wp-json\/wp\/v2\/users\/2"}],"replies":[{"embeddable":true,"href":"https:\/\/meritdpf.pl\/index.php\/wp-json\/wp\/v2\/comments?post=2"}],"version-history":[{"count":5,"href":"https:\/\/meritdpf.pl\/index.php\/wp-json\/wp\/v2\/pages\/2\/revisions"}],"predecessor-version":[{"id":44,"href":"https:\/\/meritdpf.pl\/index.php\/wp-json\/wp\/v2\/pages\/2\/revisions\/44"}],"wp:attachment":[{"href":"https:\/\/meritdpf.pl\/index.php\/wp-json\/wp\/v2\/media?parent=2"}],"curies":[{"name":"wp","href":"https:\/\/api.w.org\/{rel}","templated":true}]}}